{"id":1174,"date":"2022-06-01T12:33:27","date_gmt":"2022-06-01T10:33:27","guid":{"rendered":"https:\/\/akvacare.com\/produkter\/akva-sense\/"},"modified":"2022-06-03T10:50:49","modified_gmt":"2022-06-03T08:50:49","slug":"akva-sense","status":"publish","type":"page","link":"https:\/\/akvacare.com\/da\/produkter\/akva-sense\/","title":{"rendered":"Akva Sense\u00ae"},"content":{"rendered":"\t\t<div data-elementor-type=\"wp-page\" data-elementor-id=\"1174\" class=\"elementor elementor-1174 elementor-607\" data-elementor-post-type=\"page\">\n\t\t\t\t\t\t<section class=\"elementor-section elementor-top-section elementor-element elementor-element-pym3q00 elementor-section-full_width elementor-section-height-default elementor-section-height-default\" data-id=\"pym3q00\" data-element_type=\"section\" data-e-type=\"section\" data-settings=\"{&quot;background_background&quot;:&quot;classic&quot;}\">\n\t\t\t\t\t\t<div class=\"elementor-container elementor-column-gap-no\">\n\t\t\t\t\t<div class=\"elementor-column elementor-col-100 elementor-top-column elementor-element elementor-element-730f282\" data-id=\"730f282\" data-element_type=\"column\" data-e-type=\"column\">\n\t\t\t<div class=\"elementor-widget-wrap elementor-element-populated\">\n\t\t\t\t\t\t<div class=\"elementor-element elementor-element-f6960f1 elementor-widget elementor-widget-heading\" data-id=\"f6960f1\" data-element_type=\"widget\" data-e-type=\"widget\" data-widget_type=\"heading.default\">\n\t\t\t\t<div class=\"elementor-widget-container\">\n\t\t\t\t\t<h1 class=\"elementor-heading-title elementor-size-default\">Akva Sense\u00ae<\/h1>\t\t\t\t<\/div>\n\t\t\t\t<\/div>\n\t\t\t\t<div class=\"elementor-element elementor-element-a67eb4e elementor-widget elementor-widget-text-editor\" data-id=\"a67eb4e\" data-element_type=\"widget\" data-e-type=\"widget\" data-widget_type=\"text-editor.default\">\n\t\t\t\t<div class=\"elementor-widget-container\">\n\t\t\t\t\t\t\t\t\tMultisensorisk vandseng\t\t\t\t\t\t\t\t<\/div>\n\t\t\t\t<\/div>\n\t\t\t\t<section class=\"elementor-section elementor-inner-section elementor-element elementor-element-be5dae5 elementor-section-content-middle elementor-section-boxed elementor-section-height-default elementor-section-height-default\" data-id=\"be5dae5\" data-element_type=\"section\" data-e-type=\"section\">\n\t\t\t\t\t\t<div class=\"elementor-container elementor-column-gap-no\">\n\t\t\t\t\t<div class=\"elementor-column elementor-col-66 elementor-inner-column elementor-element elementor-element-956409c\" data-id=\"956409c\" data-element_type=\"column\" data-e-type=\"column\">\n\t\t\t<div class=\"elementor-widget-wrap elementor-element-populated\">\n\t\t\t\t\t\t<div class=\"elementor-element elementor-element-d1ee831 elementor-widget elementor-widget-image\" data-id=\"d1ee831\" data-element_type=\"widget\" data-e-type=\"widget\" data-widget_type=\"image.default\">\n\t\t\t\t<div class=\"elementor-widget-container\">\n\t\t\t\t\t\t\t\t\t\t\t\t\t\t\t<img fetchpriority=\"high\" decoding=\"async\" width=\"1024\" height=\"679\" src=\"https:\/\/akvacare.com\/wp-content\/uploads\/2022\/06\/akva-sense-waterbed-1024x679.jpg\" class=\"attachment-large size-large wp-image-565\" alt=\"\" srcset=\"https:\/\/akvacare.com\/wp-content\/uploads\/2022\/06\/akva-sense-waterbed-1024x679.jpg 1024w, https:\/\/akvacare.com\/wp-content\/uploads\/2022\/06\/akva-sense-waterbed-300x199.jpg 300w, https:\/\/akvacare.com\/wp-content\/uploads\/2022\/06\/akva-sense-waterbed-768x509.jpg 768w, https:\/\/akvacare.com\/wp-content\/uploads\/2022\/06\/akva-sense-waterbed.jpg 1200w\" sizes=\"(max-width: 1024px) 100vw, 1024px\" \/>\t\t\t\t\t\t\t\t\t\t\t\t\t\t\t<\/div>\n\t\t\t\t<\/div>\n\t\t\t\t\t<\/div>\n\t\t<\/div>\n\t\t\t\t<div class=\"elementor-column elementor-col-33 elementor-inner-column elementor-element elementor-element-c8e4280\" data-id=\"c8e4280\" data-element_type=\"column\" data-e-type=\"column\" data-settings=\"{&quot;background_background&quot;:&quot;classic&quot;}\">\n\t\t\t<div class=\"elementor-widget-wrap elementor-element-populated\">\n\t\t\t\t\t\t<div class=\"elementor-element elementor-element-e78335d elementor-widget elementor-widget-heading\" data-id=\"e78335d\" data-element_type=\"widget\" data-e-type=\"widget\" data-widget_type=\"heading.default\">\n\t\t\t\t<div class=\"elementor-widget-container\">\n\t\t\t\t\t<h3 class=\"elementor-heading-title elementor-size-default\">Vandsengen<\/h3>\t\t\t\t<\/div>\n\t\t\t\t<\/div>\n\t\t\t\t<div class=\"elementor-element elementor-element-1b65755 elementor-widget-divider--view-line elementor-widget elementor-widget-divider\" data-id=\"1b65755\" data-element_type=\"widget\" data-e-type=\"widget\" data-widget_type=\"divider.default\">\n\t\t\t\t<div class=\"elementor-widget-container\">\n\t\t\t\t\t\t\t<div class=\"elementor-divider\">\n\t\t\t<span class=\"elementor-divider-separator\">\n\t\t\t\t\t\t<\/span>\n\t\t<\/div>\n\t\t\t\t\t\t<\/div>\n\t\t\t\t<\/div>\n\t\t\t\t<div class=\"elementor-element elementor-element-51a22ff elementor-widget elementor-widget-text-editor\" data-id=\"51a22ff\" data-element_type=\"widget\" data-e-type=\"widget\" data-widget_type=\"text-editor.default\">\n\t\t\t\t<div class=\"elementor-widget-container\">\n\t\t\t\t\t\t\t\t\t<p>Akva Sense\u00ae er en multisensorisk vandseng, der forener haptiske og auditive oplevelser, i det den skaber en fantastisk f\u00f8lelse af dyb afslapning. Sansesenge udnytter vandets beroligende egenskaber ved at skabe et milj\u00f8, der b\u00e5de virker responsivt og omfavnede. F\u00f8lelsen af tryghed og varme kan suppleres med blid musik, der udsendes af sengens integrerede lydsystem.<\/p><p>Hemmeligheden bag Akva Sound\u00ae er anvendelsen af vandets uovertrufne evne til at lede lyd. Imens brugerne slapper af i den opvarmede seng, omdannes lydb\u00f8lgerne til stimulerende vibrationer i vandet. Dette giver en f\u00f8lelse af \u00f8get kropslig bevidsthed.<\/p>\t\t\t\t\t\t\t\t<\/div>\n\t\t\t\t<\/div>\n\t\t\t\t\t<\/div>\n\t\t<\/div>\n\t\t\t\t\t<\/div>\n\t\t<\/section>\n\t\t\t\t<section class=\"elementor-section elementor-inner-section elementor-element elementor-element-3e4e694 elementor-section-content-middle elementor-reverse-tablet elementor-reverse-mobile elementor-section-boxed elementor-section-height-default elementor-section-height-default\" data-id=\"3e4e694\" data-element_type=\"section\" data-e-type=\"section\">\n\t\t\t\t\t\t<div class=\"elementor-container elementor-column-gap-no\">\n\t\t\t\t\t<div class=\"elementor-column elementor-col-33 elementor-inner-column elementor-element elementor-element-d4d12d3\" data-id=\"d4d12d3\" data-element_type=\"column\" data-e-type=\"column\" data-settings=\"{&quot;background_background&quot;:&quot;classic&quot;}\">\n\t\t\t<div class=\"elementor-widget-wrap elementor-element-populated\">\n\t\t\t\t\t\t<div class=\"elementor-element elementor-element-02990d7 elementor-widget elementor-widget-heading\" data-id=\"02990d7\" data-element_type=\"widget\" data-e-type=\"widget\" data-widget_type=\"heading.default\">\n\t\t\t\t<div class=\"elementor-widget-container\">\n\t\t\t\t\t<h3 class=\"elementor-heading-title elementor-size-default\">Akva Sound\u00ae<\/h3>\t\t\t\t<\/div>\n\t\t\t\t<\/div>\n\t\t\t\t<div class=\"elementor-element elementor-element-d4e30e0 elementor-widget-divider--view-line elementor-widget elementor-widget-divider\" data-id=\"d4e30e0\" data-element_type=\"widget\" data-e-type=\"widget\" data-widget_type=\"divider.default\">\n\t\t\t\t<div class=\"elementor-widget-container\">\n\t\t\t\t\t\t\t<div class=\"elementor-divider\">\n\t\t\t<span class=\"elementor-divider-separator\">\n\t\t\t\t\t\t<\/span>\n\t\t<\/div>\n\t\t\t\t\t\t<\/div>\n\t\t\t\t<\/div>\n\t\t\t\t<div class=\"elementor-element elementor-element-fdaeba5 elementor-widget elementor-widget-text-editor\" data-id=\"fdaeba5\" data-element_type=\"widget\" data-e-type=\"widget\" data-widget_type=\"text-editor.default\">\n\t\t\t\t<div class=\"elementor-widget-container\">\n\t\t\t\t\t\t\t\t\t<p>Vand leder lyd 25 gange mere effektivt end luft, hvilket er grunden til, at hvaler kan kommunikere over afstande p\u00e5 mere end 50 km. Med Akva Sound\u00ae systemet introduceres en teknologi, hvormed lydfrekvenser omdannes til bev\u00e6gelser i vandet. M\u00e6rkbare vibrationer forenes med h\u00f8rbare lyde i en integreret, sanselig oplevelse.<\/p><p>Med den brugervenlige kontrolenhed kan intensiteten af vandsengens lydoverf\u00f8rsel og frekvensspektrum justeres uafh\u00e6ngigt af lydkilden og h\u00f8jtalerne. Dette g\u00f8r Akva Sound\u00ae anvendelig b\u00e5de til m\u00e5lrettet terapi og afslapning.<\/p><p>Lydenhederne er monteret i bundpladerne, hvilket g\u00f8r det muligt at overf\u00f8re vibrationer direkte til vandet.<\/p>\t\t\t\t\t\t\t\t<\/div>\n\t\t\t\t<\/div>\n\t\t\t\t<div class=\"elementor-element elementor-element-92f0c1c elementor-hidden-desktop elementor-widget elementor-widget-text-editor\" data-id=\"92f0c1c\" data-element_type=\"widget\" data-e-type=\"widget\" data-widget_type=\"text-editor.default\">\n\t\t\t\t<div class=\"elementor-widget-container\">\n\t\t\t\t\t\t\t\t\tKontrolenheden t\u00e6nder automatisk, n\u00e5r et lydsignal registreres. Lyd- og vibrationsstyrken kan reguleres. Kontrolpanelet monteres diskret i soklen, men kan ogs\u00e5 leveres s\u00e6rskilt i en boks.\t\t\t\t\t\t\t\t<\/div>\n\t\t\t\t<\/div>\n\t\t\t\t<div class=\"elementor-element elementor-element-1b1457a elementor-align-center elementor-widget elementor-widget-button\" data-id=\"1b1457a\" data-element_type=\"widget\" data-e-type=\"widget\" data-widget_type=\"button.default\">\n\t\t\t\t<div class=\"elementor-widget-container\">\n\t\t\t\t\t\t\t\t\t<div class=\"elementor-button-wrapper\">\n\t\t\t\t\t<a class=\"elementor-button elementor-button-link elementor-size-sm\" href=\"https:\/\/akvacare.com\/products\/akva-sound\/\">\n\t\t\t\t\t\t<span class=\"elementor-button-content-wrapper\">\n\t\t\t\t\t\t\t\t\t<span class=\"elementor-button-text\">L\u00e6s mere<\/span>\n\t\t\t\t\t<\/span>\n\t\t\t\t\t<\/a>\n\t\t\t\t<\/div>\n\t\t\t\t\t\t\t\t<\/div>\n\t\t\t\t<\/div>\n\t\t\t\t\t<\/div>\n\t\t<\/div>\n\t\t\t\t<div class=\"elementor-column elementor-col-66 elementor-inner-column elementor-element elementor-element-22574b9\" data-id=\"22574b9\" data-element_type=\"column\" data-e-type=\"column\">\n\t\t\t<div class=\"elementor-widget-wrap elementor-element-populated\">\n\t\t\t\t\t\t<div class=\"elementor-element elementor-element-681194e elementor-widget elementor-widget-image\" data-id=\"681194e\" data-element_type=\"widget\" data-e-type=\"widget\" data-widget_type=\"image.default\">\n\t\t\t\t<div class=\"elementor-widget-container\">\n\t\t\t\t\t\t\t\t\t\t\t\t\t\t\t<img decoding=\"async\" width=\"1024\" height=\"876\" src=\"https:\/\/akvacare.com\/wp-content\/uploads\/2022\/06\/akva_sound_akvacare-1024x876.jpg\" class=\"attachment-large size-large wp-image-623\" alt=\"\" srcset=\"https:\/\/akvacare.com\/wp-content\/uploads\/2022\/06\/akva_sound_akvacare-1024x876.jpg 1024w, https:\/\/akvacare.com\/wp-content\/uploads\/2022\/06\/akva_sound_akvacare-300x257.jpg 300w, https:\/\/akvacare.com\/wp-content\/uploads\/2022\/06\/akva_sound_akvacare-768x657.jpg 768w, https:\/\/akvacare.com\/wp-content\/uploads\/2022\/06\/akva_sound_akvacare.jpg 1294w\" sizes=\"(max-width: 1024px) 100vw, 1024px\" \/>\t\t\t\t\t\t\t\t\t\t\t\t\t\t\t<\/div>\n\t\t\t\t<\/div>\n\t\t\t\t<div class=\"elementor-element elementor-element-b389277 elementor-hidden-tablet elementor-hidden-mobile elementor-widget elementor-widget-text-editor\" data-id=\"b389277\" data-element_type=\"widget\" data-e-type=\"widget\" data-widget_type=\"text-editor.default\">\n\t\t\t\t<div class=\"elementor-widget-container\">\n\t\t\t\t\t\t\t\t\t<p>Kontrolenheden t\u00e6nder automatisk, n\u00e5r et lydsignal registreres. Lyd- og vibrationsstyrken kan reguleres. Kontrolpanelet monteres diskret i soklen, men kan ogs\u00e5 leveres s\u00e6rskilt i en boks.<\/p>\t\t\t\t\t\t\t\t<\/div>\n\t\t\t\t<\/div>\n\t\t\t\t\t<\/div>\n\t\t<\/div>\n\t\t\t\t\t<\/div>\n\t\t<\/section>\n\t\t\t\t\t<\/div>\n\t\t<\/div>\n\t\t\t\t\t<\/div>\n\t\t<\/section>\n\t\t\t\t<section class=\"elementor-section elementor-top-section elementor-element elementor-element-0243c9a elementor-section-boxed elementor-section-height-default elementor-section-height-default\" data-id=\"0243c9a\" data-element_type=\"section\" data-e-type=\"section\">\n\t\t\t\t\t\t<div class=\"elementor-container elementor-column-gap-default\">\n\t\t\t\t\t<div class=\"elementor-column elementor-col-100 elementor-top-column elementor-element elementor-element-b0cbae3\" data-id=\"b0cbae3\" data-element_type=\"column\" data-e-type=\"column\">\n\t\t\t<div class=\"elementor-widget-wrap elementor-element-populated\">\n\t\t\t\t\t\t<div class=\"elementor-element elementor-element-a324a08 elementor-widget elementor-widget-heading\" data-id=\"a324a08\" data-element_type=\"widget\" data-e-type=\"widget\" data-widget_type=\"heading.default\">\n\t\t\t\t<div class=\"elementor-widget-container\">\n\t\t\t\t\t<h2 class=\"elementor-heading-title elementor-size-default\">Tilbeh\u00f8r<\/h2>\t\t\t\t<\/div>\n\t\t\t\t<\/div>\n\t\t\t\t\t<\/div>\n\t\t<\/div>\n\t\t\t\t\t<\/div>\n\t\t<\/section>\n\t\t\t\t<section class=\"elementor-section elementor-top-section elementor-element elementor-element-4a57515 elementor-section-boxed elementor-section-height-default elementor-section-height-default\" data-id=\"4a57515\" data-element_type=\"section\" data-e-type=\"section\">\n\t\t\t\t\t\t<div class=\"elementor-container elementor-column-gap-default\">\n\t\t\t\t\t<div class=\"elementor-column elementor-col-100 elementor-top-column elementor-element elementor-element-96f57f7\" data-id=\"96f57f7\" data-element_type=\"column\" data-e-type=\"column\">\n\t\t\t<div class=\"elementor-widget-wrap elementor-element-populated\">\n\t\t\t\t\t\t<section class=\"elementor-section elementor-inner-section elementor-element elementor-element-9bd9379 elementor-section-content-middle elementor-reverse-tablet elementor-reverse-mobile elementor-section-boxed elementor-section-height-default elementor-section-height-default\" data-id=\"9bd9379\" data-element_type=\"section\" data-e-type=\"section\">\n\t\t\t\t\t\t<div class=\"elementor-container elementor-column-gap-no\">\n\t\t\t\t\t<div class=\"elementor-column elementor-col-33 elementor-inner-column elementor-element elementor-element-69c20b0\" data-id=\"69c20b0\" data-element_type=\"column\" data-e-type=\"column\" data-settings=\"{&quot;background_background&quot;:&quot;classic&quot;}\">\n\t\t\t<div class=\"elementor-widget-wrap elementor-element-populated\">\n\t\t\t\t\t\t<div class=\"elementor-element elementor-element-bfc1686 elementor-widget elementor-widget-heading\" data-id=\"bfc1686\" data-element_type=\"widget\" data-e-type=\"widget\" data-widget_type=\"heading.default\">\n\t\t\t\t<div class=\"elementor-widget-container\">\n\t\t\t\t\t<h3 class=\"elementor-heading-title elementor-size-default\">Vibrationsmassage<\/h3>\t\t\t\t<\/div>\n\t\t\t\t<\/div>\n\t\t\t\t<div class=\"elementor-element elementor-element-d496172 elementor-widget-divider--view-line elementor-widget elementor-widget-divider\" data-id=\"d496172\" data-element_type=\"widget\" data-e-type=\"widget\" data-widget_type=\"divider.default\">\n\t\t\t\t<div class=\"elementor-widget-container\">\n\t\t\t\t\t\t\t<div class=\"elementor-divider\">\n\t\t\t<span class=\"elementor-divider-separator\">\n\t\t\t\t\t\t<\/span>\n\t\t<\/div>\n\t\t\t\t\t\t<\/div>\n\t\t\t\t<\/div>\n\t\t\t\t<div class=\"elementor-element elementor-element-a5836b5 elementor-widget elementor-widget-text-editor\" data-id=\"a5836b5\" data-element_type=\"widget\" data-e-type=\"widget\" data-widget_type=\"text-editor.default\">\n\t\t\t\t<div class=\"elementor-widget-container\">\n\t\t\t\t\t\t\t\t\t<p>Tilf\u00f8j massagesystem til din sanseoplevelse. V\u00e6lg mellem et integreret system eller en massagem\u00e5tte.<\/p><p>Intensiteten samt type af massage (f.eks. pulserende eller b\u00f8lgende) kan nemt varieres med fjernbetjeningen.<\/p><p><strong>Integreret massage<\/strong><br>Massageenhederne monteres p\u00e5 bundpladen under vandmadrassen.<\/p><p><strong>Massagem\u00e5tte<\/strong><br>Massagem\u00e5tten er en separat enhed, der kan anvendes direkte p\u00e5 vandmadrassen, men ogs\u00e5 p\u00e5 andre overflader.<\/p>\t\t\t\t\t\t\t\t<\/div>\n\t\t\t\t<\/div>\n\t\t\t\t<div class=\"elementor-element elementor-element-6f1f61f elementor-align-center elementor-widget elementor-widget-button\" data-id=\"6f1f61f\" data-element_type=\"widget\" data-e-type=\"widget\" data-widget_type=\"button.default\">\n\t\t\t\t<div class=\"elementor-widget-container\">\n\t\t\t\t\t\t\t\t\t<div class=\"elementor-button-wrapper\">\n\t\t\t\t\t<a class=\"elementor-button elementor-button-link elementor-size-sm\" href=\"https:\/\/akvacare.com\/products\/accessories\/\">\n\t\t\t\t\t\t<span class=\"elementor-button-content-wrapper\">\n\t\t\t\t\t\t\t\t\t<span class=\"elementor-button-text\">L\u00e6s mere<\/span>\n\t\t\t\t\t<\/span>\n\t\t\t\t\t<\/a>\n\t\t\t\t<\/div>\n\t\t\t\t\t\t\t\t<\/div>\n\t\t\t\t<\/div>\n\t\t\t\t\t<\/div>\n\t\t<\/div>\n\t\t\t\t<div class=\"elementor-column elementor-col-66 elementor-inner-column elementor-element elementor-element-1457273\" data-id=\"1457273\" data-element_type=\"column\" data-e-type=\"column\">\n\t\t\t<div class=\"elementor-widget-wrap elementor-element-populated\">\n\t\t\t\t\t\t<div class=\"elementor-element elementor-element-f842961 elementor-widget elementor-widget-image\" data-id=\"f842961\" data-element_type=\"widget\" data-e-type=\"widget\" data-widget_type=\"image.default\">\n\t\t\t\t<div class=\"elementor-widget-container\">\n\t\t\t\t\t\t\t\t\t\t\t\t\t\t\t<img decoding=\"async\" width=\"1024\" height=\"861\" src=\"https:\/\/akvacare.com\/wp-content\/uploads\/2022\/06\/massage-mat-akvacare-1024x861.jpg\" class=\"attachment-large size-large wp-image-835\" alt=\"\" srcset=\"https:\/\/akvacare.com\/wp-content\/uploads\/2022\/06\/massage-mat-akvacare-1024x861.jpg 1024w, https:\/\/akvacare.com\/wp-content\/uploads\/2022\/06\/massage-mat-akvacare-300x252.jpg 300w, https:\/\/akvacare.com\/wp-content\/uploads\/2022\/06\/massage-mat-akvacare-768x646.jpg 768w, https:\/\/akvacare.com\/wp-content\/uploads\/2022\/06\/massage-mat-akvacare-1536x1292.jpg 1536w, https:\/\/akvacare.com\/wp-content\/uploads\/2022\/06\/massage-mat-akvacare-2048x1723.jpg 2048w\" sizes=\"(max-width: 1024px) 100vw, 1024px\" \/>\t\t\t\t\t\t\t\t\t\t\t\t\t\t\t<\/div>\n\t\t\t\t<\/div>\n\t\t\t\t\t<\/div>\n\t\t<\/div>\n\t\t\t\t\t<\/div>\n\t\t<\/section>\n\t\t\t\t<section class=\"elementor-section elementor-inner-section elementor-element elementor-element-53e7af6 elementor-section-content-middle elementor-section-boxed elementor-section-height-default elementor-section-height-default\" data-id=\"53e7af6\" data-element_type=\"section\" data-e-type=\"section\">\n\t\t\t\t\t\t<div class=\"elementor-container elementor-column-gap-no\">\n\t\t\t\t\t<div class=\"elementor-column elementor-col-66 elementor-inner-column elementor-element elementor-element-1a77e95\" data-id=\"1a77e95\" data-element_type=\"column\" data-e-type=\"column\">\n\t\t\t<div class=\"elementor-widget-wrap elementor-element-populated\">\n\t\t\t\t\t\t<div class=\"elementor-element elementor-element-9a288dd elementor-widget elementor-widget-image\" data-id=\"9a288dd\" data-element_type=\"widget\" data-e-type=\"widget\" data-widget_type=\"image.default\">\n\t\t\t\t<div class=\"elementor-widget-container\">\n\t\t\t\t\t\t\t\t\t\t\t\t\t\t\t<img loading=\"lazy\" decoding=\"async\" width=\"1500\" height=\"1342\" src=\"https:\/\/akvacare.com\/wp-content\/uploads\/2022\/06\/controlling-soundsystem-akva-sound.jpg\" class=\"attachment-full size-full wp-image-719\" alt=\"\" srcset=\"https:\/\/akvacare.com\/wp-content\/uploads\/2022\/06\/controlling-soundsystem-akva-sound.jpg 1500w, https:\/\/akvacare.com\/wp-content\/uploads\/2022\/06\/controlling-soundsystem-akva-sound-300x268.jpg 300w, https:\/\/akvacare.com\/wp-content\/uploads\/2022\/06\/controlling-soundsystem-akva-sound-1024x916.jpg 1024w, https:\/\/akvacare.com\/wp-content\/uploads\/2022\/06\/controlling-soundsystem-akva-sound-768x687.jpg 768w\" sizes=\"(max-width: 1500px) 100vw, 1500px\" \/>\t\t\t\t\t\t\t\t\t\t\t\t\t\t\t<\/div>\n\t\t\t\t<\/div>\n\t\t\t\t\t<\/div>\n\t\t<\/div>\n\t\t\t\t<div class=\"elementor-column elementor-col-33 elementor-inner-column elementor-element elementor-element-5c68da8\" data-id=\"5c68da8\" data-element_type=\"column\" data-e-type=\"column\" data-settings=\"{&quot;background_background&quot;:&quot;classic&quot;}\">\n\t\t\t<div class=\"elementor-widget-wrap elementor-element-populated\">\n\t\t\t\t\t\t<div class=\"elementor-element elementor-element-d80651a elementor-widget elementor-widget-heading\" data-id=\"d80651a\" data-element_type=\"widget\" data-e-type=\"widget\" data-widget_type=\"heading.default\">\n\t\t\t\t<div class=\"elementor-widget-container\">\n\t\t\t\t\t<h3 class=\"elementor-heading-title elementor-size-default\">Bluetooth-modtager til styreenheden<\/h3>\t\t\t\t<\/div>\n\t\t\t\t<\/div>\n\t\t\t\t<div class=\"elementor-element elementor-element-7329ab8 elementor-widget-divider--view-line elementor-widget elementor-widget-divider\" data-id=\"7329ab8\" data-element_type=\"widget\" data-e-type=\"widget\" data-widget_type=\"divider.default\">\n\t\t\t\t<div class=\"elementor-widget-container\">\n\t\t\t\t\t\t\t<div class=\"elementor-divider\">\n\t\t\t<span class=\"elementor-divider-separator\">\n\t\t\t\t\t\t<\/span>\n\t\t<\/div>\n\t\t\t\t\t\t<\/div>\n\t\t\t\t<\/div>\n\t\t\t\t<div class=\"elementor-element elementor-element-cadf249 elementor-widget elementor-widget-text-editor\" data-id=\"cadf249\" data-element_type=\"widget\" data-e-type=\"widget\" data-widget_type=\"text-editor.default\">\n\t\t\t\t<div class=\"elementor-widget-container\">\n\t\t\t\t\t\t\t\t\t<p>Smartphones, tablets eller andre Bluetooth-enheder, som tilsluttes Akva Sound\u00ae-kontrolenheden, kan afspille musik tr\u00e5dl\u00f8st.<\/p>\t\t\t\t\t\t\t\t<\/div>\n\t\t\t\t<\/div>\n\t\t\t\t<div class=\"elementor-element elementor-element-6637935 elementor-align-center elementor-widget elementor-widget-button\" data-id=\"6637935\" data-element_type=\"widget\" data-e-type=\"widget\" data-widget_type=\"button.default\">\n\t\t\t\t<div class=\"elementor-widget-container\">\n\t\t\t\t\t\t\t\t\t<div class=\"elementor-button-wrapper\">\n\t\t\t\t\t<a class=\"elementor-button elementor-button-link elementor-size-sm\" href=\"https:\/\/akvacare.com\/products\/accessories\/\">\n\t\t\t\t\t\t<span class=\"elementor-button-content-wrapper\">\n\t\t\t\t\t\t\t\t\t<span class=\"elementor-button-text\">L\u00e6s mere<\/span>\n\t\t\t\t\t<\/span>\n\t\t\t\t\t<\/a>\n\t\t\t\t<\/div>\n\t\t\t\t\t\t\t\t<\/div>\n\t\t\t\t<\/div>\n\t\t\t\t\t<\/div>\n\t\t<\/div>\n\t\t\t\t\t<\/div>\n\t\t<\/section>\n\t\t\t\t\t<\/div>\n\t\t<\/div>\n\t\t\t\t\t<\/div>\n\t\t<\/section>\n\t\t\t\t<\/div>\n\t\t","protected":false},"excerpt":{"rendered":"<p>Akva Sense\u00ae Multisensorisk vandseng Vandsengen Akva Sense\u00ae er en multisensorisk vandseng, der forener haptiske og auditive oplevelser, i det den skaber en fantastisk f\u00f8lelse af dyb afslapning. Sansesenge udnytter vandets beroligende egenskaber ved at skabe et milj\u00f8, der b\u00e5de virker responsivt og omfavnede. F\u00f8lelsen af tryghed og varme kan suppleres med blid musik, der udsendes [&hellip;]<\/p>\n","protected":false},"author":2,"featured_media":0,"parent":1170,"menu_order":1,"comment_status":"closed","ping_status":"closed","template":"elementor_header_footer","meta":{"site-sidebar-layout":"no-sidebar","site-content-layout":"page-builder","ast-site-content-layout":"default","site-content-style":"default","site-sidebar-style":"default","ast-global-header-display":"","ast-banner-title-visibility":"","ast-main-header-display":"","ast-hfb-above-header-display":"","ast-hfb-below-header-display":"","ast-hfb-mobile-header-display":"","site-post-title":"disabled","ast-breadcrumbs-content":"","ast-featured-img":"disabled","footer-sml-layout":"","ast-disable-related-posts":"","theme-transparent-header-meta":"","adv-header-id-meta":"","stick-header-meta":"","header-above-stick-meta":"","header-main-stick-meta":"","header-below-stick-meta":"","astra-migrate-meta-layouts":"default","ast-page-background-enabled":"default","ast-page-background-meta":{"desktop":{"background-color":"","background-image":"","background-repeat":"repeat","background-position":"center center","background-size":"auto","background-attachment":"scroll","background-type":"","background-media":"","overlay-type":"","overlay-color":"","overlay-opacity":"","overlay-gradient":""},"tablet":{"background-color":"","background-image":"","background-repeat":"repeat","background-position":"center center","background-size":"auto","background-attachment":"scroll","background-type":"","background-media":"","overlay-type":"","overlay-color":"","overlay-opacity":"","overlay-gradient":""},"mobile":{"background-color":"","background-image":"","background-repeat":"repeat","background-position":"center center","background-size":"auto","background-attachment":"scroll","background-type":"","background-media":"","overlay-type":"","overlay-color":"","overlay-opacity":"","overlay-gradient":""}},"ast-content-background-meta":{"desktop":{"background-color":"var(--ast-global-color-5)","background-image":"","background-repeat":"repeat","background-position":"center center","background-size":"auto","background-attachment":"scroll","background-type":"","background-media":"","overlay-type":"","overlay-color":"","overlay-opacity":"","overlay-gradient":""},"tablet":{"background-color":"var(--ast-global-color-5)","background-image":"","background-repeat":"repeat","background-position":"center center","background-size":"auto","background-attachment":"scroll","background-type":"","background-media":"","overlay-type":"","overlay-color":"","overlay-opacity":"","overlay-gradient":""},"mobile":{"background-color":"var(--ast-global-color-5)","background-image":"","background-repeat":"repeat","background-position":"center center","background-size":"auto","background-attachment":"scroll","background-type":"","background-media":"","overlay-type":"","overlay-color":"","overlay-opacity":"","overlay-gradient":""}},"footnotes":""},"class_list":["post-1174","page","type-page","status-publish","hentry"],"_links":{"self":[{"href":"https:\/\/akvacare.com\/da\/wp-json\/wp\/v2\/pages\/1174","targetHints":{"allow":["GET"]}}],"collection":[{"href":"https:\/\/akvacare.com\/da\/wp-json\/wp\/v2\/pages"}],"about":[{"href":"https:\/\/akvacare.com\/da\/wp-json\/wp\/v2\/types\/page"}],"author":[{"embeddable":true,"href":"https:\/\/akvacare.com\/da\/wp-json\/wp\/v2\/users\/2"}],"replies":[{"embeddable":true,"href":"https:\/\/akvacare.com\/da\/wp-json\/wp\/v2\/comments?post=1174"}],"version-history":[{"count":0,"href":"https:\/\/akvacare.com\/da\/wp-json\/wp\/v2\/pages\/1174\/revisions"}],"up":[{"embeddable":true,"href":"https:\/\/akvacare.com\/da\/wp-json\/wp\/v2\/pages\/1170"}],"wp:attachment":[{"href":"https:\/\/akvacare.com\/da\/wp-json\/wp\/v2\/media?parent=1174"}],"curies":[{"name":"wp","href":"https:\/\/api.w.org\/{rel}","templated":true}]}}